{"id":7809,"date":"2024-09-04T18:10:08","date_gmt":"2024-09-04T18:10:08","guid":{"rendered":"https:\/\/fountestremiero.com\/appartement\/"},"modified":"2025-11-15T09:21:47","modified_gmt":"2025-11-15T09:21:47","slug":"appartement","status":"publish","type":"page","link":"https:\/\/fountestremiero.com\/nl\/appartement\/","title":{"rendered":"Appartement"},"content":{"rendered":"\n<div class=\"wp-block-cover\"><img loading=\"lazy\" decoding=\"async\" width=\"2560\" height=\"1707\" sizes=\"auto, (max-width: 799px) 200vw, (max-width: 2560px) 100vw, 2560px\" class=\"wp-block-cover__image-background wp-image-4480\" alt=\"\" src=\"https:\/\/fountestremiero.com\/wp-content\/uploads\/2024\/09\/fount-estremiero-123-scaled.jpg\" data-object-fit=\"cover\" srcset=\"https:\/\/fountestremiero.com\/wp-content\/uploads\/2024\/09\/fount-estremiero-123-scaled.jpg 2560w, https:\/\/fountestremiero.com\/wp-content\/uploads\/2024\/09\/fount-estremiero-123-scaled-600x400.jpg 600w, https:\/\/fountestremiero.com\/wp-content\/uploads\/2024\/09\/fount-estremiero-123-300x200.jpg 300w, https:\/\/fountestremiero.com\/wp-content\/uploads\/2024\/09\/fount-estremiero-123-1024x683.jpg 1024w, https:\/\/fountestremiero.com\/wp-content\/uploads\/2024\/09\/fount-estremiero-123-768x512.jpg 768w, https:\/\/fountestremiero.com\/wp-content\/uploads\/2024\/09\/fount-estremiero-123-1536x1024.jpg 1536w, https:\/\/fountestremiero.com\/wp-content\/uploads\/2024\/09\/fount-estremiero-123-2048x1365.jpg 2048w\" \/><span aria-hidden=\"true\" class=\"wp-block-cover__background has-background-dim\" style=\"background-color:#855c46\"><\/span><div class=\"wp-block-cover__inner-container is-layout-constrained wp-block-cover-is-layout-constrained\">\n<p class=\"has-text-align-center has-large-font-size\"><\/p>\n<\/div><\/div>\n\n<p><\/p>\n\n<h2 class=\"wp-block-heading has-text-align-left\">Appartement Etienne<\/h2>\n<p>Welkom in ons gezellige appartement Etienne. Voorzien voor vier personen is Appartement Etienne perfect voor een familievakantie in het bos, een ontsnapping aan alle drukte, of een ideaal toevluchtsoord na een dag wandelen. <\/p>\n<p>Appartement Etienne heeft een eigen ingang en terras, is volledig uitgerust voor 4 personen en het gebruik van de wellnessfaciliteiten is inbegrepen bij uw verblijf. Met \u00e9\u00e9n tweepersoonsbed en \u00e9\u00e9n stapelbed is ons gezellige appartement perfect voor families. <\/p>\n<p><strong>Apartment Etienne is beschikbaar van september tot en met juni.<\/strong><\/p>\n<p>Appartement Etienne bestaat uit:<\/p>\n<ul>\n<li>Een slaapkamer met tweepersoonsbed (140cm)<\/li>\n<li>Badkamer met bad, regendouche, wastafel en toilet.<\/li>\n<li>Een slaapkamer met ingebouwd stapelbed.<\/li>\n<li>Keuken met combi-oven, inductieplaat, vaatwas, koelkast en diepvries, koffiemachine, waterkoker en broodrooster.<\/li>\n<li>Eethoek met salon.<\/li>\n<li>Groot terras met overdekt gedeelte.<\/li>\n<\/ul>\n<p>Inbegrepen:<\/p>\n<ul>\n<li>Beddengoed en handdoeken<\/li>\n<li>WiFi.<\/li>\n<li>Parking.<\/li>\n<li>Basis kruiden en oli\u00ebn, koffiefilters, vaatwasblokjes.<\/li>\n<li>Gebruik van de jacuzzi, sauna en hammam (bevinden zich buiten op het domein)<\/li>\n<li>Gebruik van het verwarmde zwembad (van april tot en met oktober).<\/li>\n<li>Gebruik van de tuin met ping pong tafel, petanque baan, kicker tafel,..<\/li>\n<li>Airconditioning<\/li>\n<\/ul>\n<p>Niet inbegrepen maar optioneel:<\/p>\n<ul>\n<li>Ontbijt en andere maaltijden zijn niet inbegrepen maar kunnen wel voorzien worden. laat het ons gerust weten als u deze optie bij wil boeken.<\/li>\n<\/ul>\n<p>PRIJZEN*:<\/p>\n<p>1 gast \u20ac140\/nacht<br \/>\n2 gasten \u20ac160\/nacht<br \/>\n3 gasten \u20ac180\/nacht<br \/>\n4 gasten \u20ac200\/nacht<\/p>\n<p>*Kinderen tot 3 jaar verblijven gratis en tellen niet mee als gast.<br \/>\n*Boekingen van 7 nachten of meer krijgen 15% korting.<\/p>\n<p><strong>Voor last-minute reserveringen (minder dan 24 uur van tevoren) vragen we je vriendelijk telefonisch contact met ons op te nemen.  <\/strong><\/p>\n\n<div class=\"wp-block-columns is-layout-flex wp-container-core-columns-is-layout-d0b3c9c8 wp-block-columns-is-layout-flex\">\n<div class=\"wp-block-column is-layout-flow wp-block-column-is-layout-flow\" style=\"--col-width:100%;flex-basis:100%\"><\/div>\n<\/div>\n\n\n\t        <div class=\"mphb-room-type-gallery-wrapper mphb-single-room-type-gallery-wrapper\">\n        \n\t<div id='mphb-flexslider-gallery-1' class='gallery-columns-1 gallery-size-large mphb-flexslider-gallery-wrapper' data-flexslider-atts='{\"animation\":\"slide\",\"controlNav\":false,\"animationLoop\":true,\"smoothHeight\":true,\"slideshow\":false,\"minItems\":1,\"maxItems\":1,\"move\":1,\"itemWidth\":100}' data-group='69e14250d0dc4'><ul class=\"slides\"><li class='gallery-item'><span class='gallery-icon portrait'>\n\t\t\t\t<img loading=\"lazy\" decoding=\"async\" width=\"683\" height=\"1024\" src=\"https:\/\/fountestremiero.com\/wp-content\/uploads\/2023\/12\/fount-estremiero-169-683x1024.jpg\" class=\"attachment-large size-large\" alt=\"\" srcset=\"https:\/\/fountestremiero.com\/wp-content\/uploads\/2023\/12\/fount-estremiero-169-683x1024.jpg 683w, https:\/\/fountestremiero.com\/wp-content\/uploads\/2023\/12\/fount-estremiero-169-scaled-600x900.jpg 600w, https:\/\/fountestremiero.com\/wp-content\/uploads\/2023\/12\/fount-estremiero-169-200x300.jpg 200w, https:\/\/fountestremiero.com\/wp-content\/uploads\/2023\/12\/fount-estremiero-169-768x1152.jpg 768w, https:\/\/fountestremiero.com\/wp-content\/uploads\/2023\/12\/fount-estremiero-169-1024x1536.jpg 1024w, https:\/\/fountestremiero.com\/wp-content\/uploads\/2023\/12\/fount-estremiero-169-1365x2048.jpg 1365w, https:\/\/fountestremiero.com\/wp-content\/uploads\/2023\/12\/fount-estremiero-169-scaled.jpg 1707w\" sizes=\"auto, (max-width: 683px) 100vw, 683px\" \/>\n\t\t\t<\/span><\/li><li class='gallery-item'><span class='gallery-icon portrait'>\n\t\t\t\t<img loading=\"lazy\" decoding=\"async\" width=\"683\" height=\"1024\" src=\"https:\/\/fountestremiero.com\/wp-content\/uploads\/2023\/12\/fount-estremiero-167-683x1024.jpg\" class=\"attachment-large size-large\" alt=\"\" srcset=\"https:\/\/fountestremiero.com\/wp-content\/uploads\/2023\/12\/fount-estremiero-167-683x1024.jpg 683w, https:\/\/fountestremiero.com\/wp-content\/uploads\/2023\/12\/fount-estremiero-167-scaled-600x900.jpg 600w, https:\/\/fountestremiero.com\/wp-content\/uploads\/2023\/12\/fount-estremiero-167-200x300.jpg 200w, https:\/\/fountestremiero.com\/wp-content\/uploads\/2023\/12\/fount-estremiero-167-768x1152.jpg 768w, https:\/\/fountestremiero.com\/wp-content\/uploads\/2023\/12\/fount-estremiero-167-1024x1536.jpg 1024w, https:\/\/fountestremiero.com\/wp-content\/uploads\/2023\/12\/fount-estremiero-167-1365x2048.jpg 1365w, https:\/\/fountestremiero.com\/wp-content\/uploads\/2023\/12\/fount-estremiero-167-scaled.jpg 1707w\" sizes=\"auto, (max-width: 683px) 100vw, 683px\" \/>\n\t\t\t<\/span><\/li><li class='gallery-item'><span class='gallery-icon portrait'>\n\t\t\t\t<img loading=\"lazy\" decoding=\"async\" width=\"683\" height=\"1024\" src=\"https:\/\/fountestremiero.com\/wp-content\/uploads\/2023\/12\/fount-estremiero-164-683x1024.jpg\" class=\"attachment-large size-large\" alt=\"\" srcset=\"https:\/\/fountestremiero.com\/wp-content\/uploads\/2023\/12\/fount-estremiero-164-683x1024.jpg 683w, https:\/\/fountestremiero.com\/wp-content\/uploads\/2023\/12\/fount-estremiero-164-scaled-600x900.jpg 600w, https:\/\/fountestremiero.com\/wp-content\/uploads\/2023\/12\/fount-estremiero-164-200x300.jpg 200w, https:\/\/fountestremiero.com\/wp-content\/uploads\/2023\/12\/fount-estremiero-164-768x1152.jpg 768w, https:\/\/fountestremiero.com\/wp-content\/uploads\/2023\/12\/fount-estremiero-164-1024x1536.jpg 1024w, https:\/\/fountestremiero.com\/wp-content\/uploads\/2023\/12\/fount-estremiero-164-1365x2048.jpg 1365w, https:\/\/fountestremiero.com\/wp-content\/uploads\/2023\/12\/fount-estremiero-164-scaled.jpg 1707w\" sizes=\"auto, (max-width: 683px) 100vw, 683px\" \/>\n\t\t\t<\/span><\/li><li class='gallery-item'><span class='gallery-icon portrait'>\n\t\t\t\t<img loading=\"lazy\" decoding=\"async\" width=\"683\" height=\"1024\" src=\"https:\/\/fountestremiero.com\/wp-content\/uploads\/2023\/12\/fount-estremiero-160-683x1024.jpg\" class=\"attachment-large size-large\" alt=\"\" srcset=\"https:\/\/fountestremiero.com\/wp-content\/uploads\/2023\/12\/fount-estremiero-160-683x1024.jpg 683w, https:\/\/fountestremiero.com\/wp-content\/uploads\/2023\/12\/fount-estremiero-160-scaled-600x900.jpg 600w, https:\/\/fountestremiero.com\/wp-content\/uploads\/2023\/12\/fount-estremiero-160-200x300.jpg 200w, https:\/\/fountestremiero.com\/wp-content\/uploads\/2023\/12\/fount-estremiero-160-768x1152.jpg 768w, https:\/\/fountestremiero.com\/wp-content\/uploads\/2023\/12\/fount-estremiero-160-1024x1536.jpg 1024w, https:\/\/fountestremiero.com\/wp-content\/uploads\/2023\/12\/fount-estremiero-160-1365x2048.jpg 1365w, https:\/\/fountestremiero.com\/wp-content\/uploads\/2023\/12\/fount-estremiero-160-scaled.jpg 1707w\" sizes=\"auto, (max-width: 683px) 100vw, 683px\" \/>\n\t\t\t<\/span><\/li><li class='gallery-item'><span class='gallery-icon portrait'>\n\t\t\t\t<img loading=\"lazy\" decoding=\"async\" width=\"683\" height=\"1024\" src=\"https:\/\/fountestremiero.com\/wp-content\/uploads\/2023\/12\/fount-estremiero-145-683x1024.jpg\" class=\"attachment-large size-large\" alt=\"\" aria-describedby=\"mphb-flexslider-gallery-1-7351\" srcset=\"https:\/\/fountestremiero.com\/wp-content\/uploads\/2023\/12\/fount-estremiero-145-683x1024.jpg 683w, https:\/\/fountestremiero.com\/wp-content\/uploads\/2023\/12\/fount-estremiero-145-scaled-600x900.jpg 600w, https:\/\/fountestremiero.com\/wp-content\/uploads\/2023\/12\/fount-estremiero-145-200x300.jpg 200w, https:\/\/fountestremiero.com\/wp-content\/uploads\/2023\/12\/fount-estremiero-145-768x1152.jpg 768w, https:\/\/fountestremiero.com\/wp-content\/uploads\/2023\/12\/fount-estremiero-145-1024x1536.jpg 1024w, https:\/\/fountestremiero.com\/wp-content\/uploads\/2023\/12\/fount-estremiero-145-1365x2048.jpg 1365w, https:\/\/fountestremiero.com\/wp-content\/uploads\/2023\/12\/fount-estremiero-145-scaled.jpg 1707w\" sizes=\"auto, (max-width: 683px) 100vw, 683px\" \/>\n\t\t\t<\/span><\/li><li class='gallery-item'><span class='gallery-icon portrait'>\n\t\t\t\t<img loading=\"lazy\" decoding=\"async\" width=\"683\" height=\"1024\" src=\"https:\/\/fountestremiero.com\/wp-content\/uploads\/2023\/12\/fount-estremiero-142-683x1024.jpg\" class=\"attachment-large size-large\" alt=\"\" srcset=\"https:\/\/fountestremiero.com\/wp-content\/uploads\/2023\/12\/fount-estremiero-142-683x1024.jpg 683w, https:\/\/fountestremiero.com\/wp-content\/uploads\/2023\/12\/fount-estremiero-142-scaled-600x900.jpg 600w, https:\/\/fountestremiero.com\/wp-content\/uploads\/2023\/12\/fount-estremiero-142-200x300.jpg 200w, https:\/\/fountestremiero.com\/wp-content\/uploads\/2023\/12\/fount-estremiero-142-768x1152.jpg 768w, https:\/\/fountestremiero.com\/wp-content\/uploads\/2023\/12\/fount-estremiero-142-1024x1536.jpg 1024w, https:\/\/fountestremiero.com\/wp-content\/uploads\/2023\/12\/fount-estremiero-142-1365x2048.jpg 1365w, https:\/\/fountestremiero.com\/wp-content\/uploads\/2023\/12\/fount-estremiero-142-scaled.jpg 1707w\" sizes=\"auto, (max-width: 683px) 100vw, 683px\" \/>\n\t\t\t<\/span><\/li><li class='gallery-item'><span class='gallery-icon portrait'>\n\t\t\t\t<img loading=\"lazy\" decoding=\"async\" width=\"683\" height=\"1024\" src=\"https:\/\/fountestremiero.com\/wp-content\/uploads\/2023\/12\/fount-estremiero-135-683x1024.jpg\" class=\"attachment-large size-large\" alt=\"\" srcset=\"https:\/\/fountestremiero.com\/wp-content\/uploads\/2023\/12\/fount-estremiero-135-683x1024.jpg 683w, https:\/\/fountestremiero.com\/wp-content\/uploads\/2023\/12\/fount-estremiero-135-scaled-600x900.jpg 600w, https:\/\/fountestremiero.com\/wp-content\/uploads\/2023\/12\/fount-estremiero-135-200x300.jpg 200w, https:\/\/fountestremiero.com\/wp-content\/uploads\/2023\/12\/fount-estremiero-135-768x1152.jpg 768w, https:\/\/fountestremiero.com\/wp-content\/uploads\/2023\/12\/fount-estremiero-135-1024x1536.jpg 1024w, https:\/\/fountestremiero.com\/wp-content\/uploads\/2023\/12\/fount-estremiero-135-1365x2048.jpg 1365w, https:\/\/fountestremiero.com\/wp-content\/uploads\/2023\/12\/fount-estremiero-135-scaled.jpg 1707w\" sizes=\"auto, (max-width: 683px) 100vw, 683px\" \/>\n\t\t\t<\/span><\/li><li class='gallery-item'><span class='gallery-icon portrait'>\n\t\t\t\t<img loading=\"lazy\" decoding=\"async\" width=\"683\" height=\"1024\" src=\"https:\/\/fountestremiero.com\/wp-content\/uploads\/2023\/12\/fount-estremiero-132-683x1024.jpg\" class=\"attachment-large size-large\" alt=\"\" srcset=\"https:\/\/fountestremiero.com\/wp-content\/uploads\/2023\/12\/fount-estremiero-132-683x1024.jpg 683w, https:\/\/fountestremiero.com\/wp-content\/uploads\/2023\/12\/fount-estremiero-132-scaled-600x900.jpg 600w, https:\/\/fountestremiero.com\/wp-content\/uploads\/2023\/12\/fount-estremiero-132-200x300.jpg 200w, https:\/\/fountestremiero.com\/wp-content\/uploads\/2023\/12\/fount-estremiero-132-768x1152.jpg 768w, https:\/\/fountestremiero.com\/wp-content\/uploads\/2023\/12\/fount-estremiero-132-1024x1536.jpg 1024w, https:\/\/fountestremiero.com\/wp-content\/uploads\/2023\/12\/fount-estremiero-132-1365x2048.jpg 1365w, https:\/\/fountestremiero.com\/wp-content\/uploads\/2023\/12\/fount-estremiero-132-scaled.jpg 1707w\" sizes=\"auto, (max-width: 683px) 100vw, 683px\" \/>\n\t\t\t<\/span><\/li><li class='gallery-item'><span class='gallery-icon portrait'>\n\t\t\t\t<img loading=\"lazy\" decoding=\"async\" width=\"683\" height=\"1024\" src=\"https:\/\/fountestremiero.com\/wp-content\/uploads\/2023\/12\/fount-estremiero-126-683x1024.jpg\" class=\"attachment-large size-large\" alt=\"\" srcset=\"https:\/\/fountestremiero.com\/wp-content\/uploads\/2023\/12\/fount-estremiero-126-683x1024.jpg 683w, https:\/\/fountestremiero.com\/wp-content\/uploads\/2023\/12\/fount-estremiero-126-scaled-600x900.jpg 600w, https:\/\/fountestremiero.com\/wp-content\/uploads\/2023\/12\/fount-estremiero-126-200x300.jpg 200w, https:\/\/fountestremiero.com\/wp-content\/uploads\/2023\/12\/fount-estremiero-126-768x1152.jpg 768w, https:\/\/fountestremiero.com\/wp-content\/uploads\/2023\/12\/fount-estremiero-126-1024x1536.jpg 1024w, https:\/\/fountestremiero.com\/wp-content\/uploads\/2023\/12\/fount-estremiero-126-1365x2048.jpg 1365w, https:\/\/fountestremiero.com\/wp-content\/uploads\/2023\/12\/fount-estremiero-126-scaled.jpg 1707w\" sizes=\"auto, (max-width: 683px) 100vw, 683px\" \/>\n\t\t\t<\/span><\/li><li class='gallery-item'><span class='gallery-icon portrait'>\n\t\t\t\t<img loading=\"lazy\" decoding=\"async\" width=\"683\" height=\"1024\" src=\"https:\/\/fountestremiero.com\/wp-content\/uploads\/2023\/12\/fount-estremiero-156-683x1024.jpg\" class=\"attachment-large size-large\" alt=\"\" srcset=\"https:\/\/fountestremiero.com\/wp-content\/uploads\/2023\/12\/fount-estremiero-156-683x1024.jpg 683w, https:\/\/fountestremiero.com\/wp-content\/uploads\/2023\/12\/fount-estremiero-156-scaled-600x900.jpg 600w, https:\/\/fountestremiero.com\/wp-content\/uploads\/2023\/12\/fount-estremiero-156-200x300.jpg 200w, https:\/\/fountestremiero.com\/wp-content\/uploads\/2023\/12\/fount-estremiero-156-768x1152.jpg 768w, https:\/\/fountestremiero.com\/wp-content\/uploads\/2023\/12\/fount-estremiero-156-1024x1536.jpg 1024w, https:\/\/fountestremiero.com\/wp-content\/uploads\/2023\/12\/fount-estremiero-156-1365x2048.jpg 1365w, https:\/\/fountestremiero.com\/wp-content\/uploads\/2023\/12\/fount-estremiero-156-scaled.jpg 1707w\" sizes=\"auto, (max-width: 683px) 100vw, 683px\" \/>\n\t\t\t<\/span><\/li><\/ul>\n\t\t<\/div>\n\n\t        <\/div>\n        \n\t<div class=\"mphb_sc_room-wrapper \"><div class=\"mphb-room-type post-7736 mphb_room_type type-mphb_room_type status-publish has-post-thumbnail mphb_room_type_category-appartement mphb_room_type_facility-airconditioning mphb_room_type_facility-dekens-en-handdoeken-inbegrepen mphb_room_type_facility-gebruik-van-wellnessfaciliteiten mphb_room_type_facility-gratis-parkeren mphb_room_type_facility-gratis-wifi mphb_room_type_facility-huisdieren-toegestaan mphb_room_type_facility-verwarmd-zwembad mphb-room-type-adults-4 mphb-room-type-children-3 \">\n\n\t\n\t\n<h3 class=\"mphb-room-type-details-title\">Details<\/h3><ul class=\"mphb-loop-room-type-attributes\">\n\t<li class=\"mphb-room-type-total-capacity\"><span class=\"mphb-attribute-title mphb-total-capacity-title\">Gasten:<\/span><span class=\"mphb-attribute-value\">\n\t4\n\t<\/span><\/li>\t\n\n\n\t<li class=\"mphb-room-type-facilities\"><span class=\"mphb-attribute-title mphb-facilities-title\">Faciliteiten:<\/span><span class=\"mphb-attribute-value\"> <span class=\"facility-airconditioning\"><a href=\"https:\/\/fountestremiero.com\/nl\/accommodation-facility\/airconditioning\/\">Airconditioning<\/a><\/span>, <span class=\"facility-dekens-en-handdoeken-inbegrepen\"><a href=\"https:\/\/fountestremiero.com\/nl\/accommodation-facility\/dekens-en-handdoeken-inbegrepen\/\">Dekens en handdoeken inbegrepen<\/a><\/span>, <span class=\"facility-gebruik-van-wellnessfaciliteiten\"><a href=\"https:\/\/fountestremiero.com\/nl\/accommodation-facility\/gebruik-van-wellnessfaciliteiten\/\">Gebruik van wellnessfaciliteiten<\/a><\/span>, <span class=\"facility-gratis-parkeren\"><a href=\"https:\/\/fountestremiero.com\/nl\/accommodation-facility\/gratis-parkeren\/\">Gratis parkeren<\/a><\/span>, <span class=\"facility-gratis-wifi\"><a href=\"https:\/\/fountestremiero.com\/nl\/accommodation-facility\/gratis-wifi\/\">Gratis Wifi<\/a><\/span>, <span class=\"facility-huisdieren-toegestaan\"><a href=\"https:\/\/fountestremiero.com\/nl\/accommodation-facility\/huisdieren-toegestaan\/\">Huisdieren toegestaan<\/a><\/span>, <span class=\"facility-verwarmd-zwembad\"><a href=\"https:\/\/fountestremiero.com\/nl\/accommodation-facility\/verwarmd-zwembad\/\">Verwarmd zwembad<\/a><\/span><\/span><\/li>\n\t\n\n\n\n\n\n\n\n\t<li class=\"mphb-room-type-categories\"><span class=\"mphb-attribute-title mphb-categories-title\">Categorie\u00ebn:<\/span><span class=\"mphb-attribute-value\"> <span class=\"category-appartement\"><a href=\"https:\/\/fountestremiero.com\/nl\/accommodation-category\/appartement\/\">Appartement<\/a><\/span><\/span><\/li>\n\t\n<\/ul>\n<div class=\"mphb-to-book-btn-wrapper\">\n<form action=\"https:\/\/fountestremiero.com\/nl\/accommodation\/appartement-etienne\/#booking-form-7736\" method=\"get\" ><button type=\"submit\" class=\"button mphb-book-button\" >Reserveren<\/button><\/form>\n<br\/><\/div>\n\t\n<\/div>\n<\/div>\n<p class=\"has-text-align-center\">Wil je met een grotere groep mensen in ons huis verblijven?  <a href=\"https:\/\/fountestremiero.com\/nl\/vakantiehuis\/\" data-type=\"page\" data-id=\"4677\">Bekijk ons vakantiehuis.<\/a><\/p>\n\n<p><\/p>\n","protected":false},"excerpt":{"rendered":"<p>Appartement Etienne Wil je met een grotere groep mensen in ons huis verblijven? Bekijk ons vakantiehuis.<\/p>\n","protected":false},"author":1,"featured_media":0,"parent":0,"menu_order":0,"comment_status":"closed","ping_status":"closed","template":"","meta":{"_uag_custom_page_level_css":"","site-sidebar-layout":"default","site-content-layout":"","ast-site-content-layout":"default","site-content-style":"default","site-sidebar-style":"default","ast-global-header-display":"","ast-banner-title-visibility":"","ast-main-header-display":"","ast-hfb-above-header-display":"","ast-hfb-below-header-display":"","ast-hfb-mobile-header-display":"","site-post-title":"","ast-breadcrumbs-content":"","ast-featured-img":"","footer-sml-layout":"","theme-transparent-header-meta":"","adv-header-id-meta":"","stick-header-meta":"","header-above-stick-meta":"","header-main-stick-meta":"","header-below-stick-meta":"","astra-migrate-meta-layouts":"default","ast-page-background-enabled":"default","ast-page-background-meta":{"desktop":{"background-color":"var(--ast-global-color-4)","background-image":"","background-repeat":"repeat","background-position":"center center","background-size":"auto","background-attachment":"scroll","background-type":"","background-media":"","overlay-type":"","overlay-color":"","overlay-gradient":""},"tablet":{"background-color":"","background-image":"","background-repeat":"repeat","background-position":"center center","background-size":"auto","background-attachment":"scroll","background-type":"","background-media":"","overlay-type":"","overlay-color":"","overlay-gradient":""},"mobile":{"background-color":"","background-image":"","background-repeat":"repeat","background-position":"center center","background-size":"auto","background-attachment":"scroll","background-type":"","background-media":"","overlay-type":"","overlay-color":"","overlay-gradient":""}},"ast-content-background-meta":{"desktop":{"background-color":"var(--ast-global-color-5)","background-image":"","background-repeat":"repeat","background-position":"center center","background-size":"auto","background-attachment":"scroll","background-type":"","background-media":"","overlay-type":"","overlay-color":"","overlay-gradient":""},"tablet":{"background-color":"var(--ast-global-color-5)","background-image":"","background-repeat":"repeat","background-position":"center center","background-size":"auto","background-attachment":"scroll","background-type":"","background-media":"","overlay-type":"","overlay-color":"","overlay-gradient":""},"mobile":{"background-color":"var(--ast-global-color-5)","background-image":"","background-repeat":"repeat","background-position":"center center","background-size":"auto","background-attachment":"scroll","background-type":"","background-media":"","overlay-type":"","overlay-color":"","overlay-gradient":""}},"footnotes":""},"class_list":["post-7809","page","type-page","status-publish","hentry"],"uagb_featured_image_src":{"full":false,"thumbnail":false,"medium":false,"medium_large":false,"large":false,"1536x1536":false,"2048x2048":false,"woocommerce_thumbnail":false,"woocommerce_single":false,"woocommerce_gallery_thumbnail":false},"uagb_author_info":{"display_name":"ID406935_Wordpress","author_link":"https:\/\/fountestremiero.com\/nl\/author\/id406935_wordpress\/"},"uagb_comment_info":0,"uagb_excerpt":"Appartement Etienne Wil je met een grotere groep mensen in ons huis verblijven? Bekijk ons vakantiehuis.","_links":{"self":[{"href":"https:\/\/fountestremiero.com\/nl\/wp-json\/wp\/v2\/pages\/7809","targetHints":{"allow":["GET"]}}],"collection":[{"href":"https:\/\/fountestremiero.com\/nl\/wp-json\/wp\/v2\/pages"}],"about":[{"href":"https:\/\/fountestremiero.com\/nl\/wp-json\/wp\/v2\/types\/page"}],"author":[{"embeddable":true,"href":"https:\/\/fountestremiero.com\/nl\/wp-json\/wp\/v2\/users\/1"}],"replies":[{"embeddable":true,"href":"https:\/\/fountestremiero.com\/nl\/wp-json\/wp\/v2\/comments?post=7809"}],"version-history":[{"count":3,"href":"https:\/\/fountestremiero.com\/nl\/wp-json\/wp\/v2\/pages\/7809\/revisions"}],"predecessor-version":[{"id":58033,"href":"https:\/\/fountestremiero.com\/nl\/wp-json\/wp\/v2\/pages\/7809\/revisions\/58033"}],"wp:attachment":[{"href":"https:\/\/fountestremiero.com\/nl\/wp-json\/wp\/v2\/media?parent=7809"}],"curies":[{"name":"wp","href":"https:\/\/api.w.org\/{rel}","templated":true}]}}